{"id":15,"date":"2019-10-29T13:18:52","date_gmt":"2019-10-29T16:18:52","guid":{"rendered":"http:\/\/pubblisbrasil.com.br\/?page_id=3"},"modified":"2019-10-29T13:18:52","modified_gmt":"2019-10-29T16:18:52","slug":"politica-de-privacidade-2","status":"publish","type":"page","link":"https:\/\/pubblisbrasil.com.br\/index.php\/politica-de-privacidade-2\/","title":{"rendered":"Pol\u00edtica de privacidade"},"content":{"rendered":"<p><strong>Quem somos<\/strong><\/p>\n<p>O endere\u00e7o do nosso site \u00e9: http:\/\/pubblisbrasil.com.br<\/p>\n<p><strong>POL\u00cdTICA DE PRIVACIDADE<\/strong><\/p>\n<p>A sua privacidade \u00e9 importante para n\u00f3s. Dessa forma, desenvolvemos um Termo de Uso e Pol\u00edtica de Privacidade que disp\u00f5e sobre a maneira como n\u00f3s obtemos, utilizamos, armazenamos e protegemos os seus dados pessoais. Gostar\u00edamos de fornecer todas as informa\u00e7\u00f5es necess\u00e1rias para que voc\u00ea tome as suas pr\u00f3prias decis\u00f5es a respeito de sua privacidade e, tamb\u00e9m, sobre como voc\u00ea poder\u00e1 navegar em nosso <em>site<\/em>.<\/p>\n<p>&nbsp;<\/p>\n<ol>\n<li><strong> Informa\u00e7\u00f5es Coletadas<\/strong><br \/>Eventualmente podemos solicitar que voc\u00ea, voluntariamente, nos forne\u00e7a algumas informa\u00e7\u00f5es pessoais (como por exemplo, nome, endere\u00e7o, telefone, e-mail etc.). Geralmente, estas informa\u00e7\u00f5es s\u00e3o solicitadas quando voc\u00ea deseja se cadastrar no site da Pubblis Brasil <strong>Ao preencher o cadastro e\/ou navegar em nosso site, voc\u00ea est\u00e1 consentindo expressamente \u00e0s condi\u00e7\u00f5es deste Termo<\/strong>. N\u00f3s utilizamos as informa\u00e7\u00f5es coletadas, seja via preenchimento, conclus\u00e3o do cadastro ou ao navegar em nosso site, para fornecer e aprimorar a qualidade de nossos servi\u00e7os de entretenimento, processar transa\u00e7\u00f5es e enviar avisos sobre suas transa\u00e7\u00f5es, comunicar ofertas especiais e benef\u00edcios, al\u00e9m de facilitar, customizar e melhorar a sua navega\u00e7\u00e3o neste\u00a0<em>site<\/em>.<\/li>\n<\/ol>\n<p>A Pubblis Brasil n\u00e3o \u00e9 respons\u00e1vel pelas informa\u00e7\u00f5es pessoais fornecidas e confiamos que todas elas sejam verdadeiras.<\/p>\n<p><strong>Para alguns servi\u00e7os, podemos dar a voc\u00ea a oportunidade de desativar a combina\u00e7\u00e3o dessas informa\u00e7\u00f5es. Em nenhuma hip\u00f3tese as suas informa\u00e7\u00f5es pessoais ou informa\u00e7\u00f5es sobre os acessos realizados ser\u00e3o reveladas ou comercializadas a terceiros, a menos que a Pubblis Brasil seja obrigada a faz\u00ea-lo mediante ordem judicial ou no estrito cumprimento de dever legal ou, ainda, mediante autoriza\u00e7\u00e3o de seus titulares<\/strong>.<\/p>\n<p>O servi\u00e7o da PUBBLIS BRASIL pode ser fornecido por meio de aplicativos e sistemas operacionais como Windows 8.1, iOS e\/ou outros, bem como por meio de plataformas Xbox, IPAD, IPHONE e\/ou outras. Apesar de nos esfor\u00e7armos para nos associar a empresas respeit\u00e1veis, a PUBBLIS BRASIL n\u00e3o pode ser responsabilizada pelas pr\u00e1ticas de tratamento de informa\u00e7\u00f5es de outras plataformas e\/ou sistemas operacionais. Essas plataformas t\u00eam pol\u00edticas de privacidade, avisos e termos de uso separados e independentes, e recomendamos que voc\u00ea os leia atentamente. Para ter acesso e plena frui\u00e7\u00e3o dos servi\u00e7os oferecidos, voc\u00ea pode ser solicitado a fornecer Informa\u00e7\u00f5es pessoais, mas n\u00e3o se limitando, a usu\u00e1rio e senha de acesso ao<em>\u00a0site<\/em>\u00a0PUBBLIS BRASIL. Algumas informa\u00e7\u00f5es podem ser armazenadas no pr\u00f3prio dispositivo (computador,<em>\u00a0tablet<\/em>,<em>\u00a0smartphone<\/em>\u00a0ou console) ou em nossos servidores, de maneira segura e\/ou utilizando padr\u00f5es do fabricante, e ser\u00e3o utilizadas para que sua experi\u00eancia de uso do(s) aplicativo(s) seja personalizada e\/ou para monitorar o desempenho e desenvolver melhorias para o sistema.<\/p>\n<p>&nbsp;<\/p>\n<ol start=\"2\">\n<li><strong> Promo\u00e7\u00f5es Comerciais<\/strong><br \/>Periodicamente, poderemos oferecer promo\u00e7\u00f5es comerciais em nosso\u00a0<em>site<\/em>.\u00a0<strong>Se voc\u00ea participar de uma promo\u00e7\u00e3o em nosso site, voc\u00ea ter\u00e1 de fornecer informa\u00e7\u00f5es pessoais de identifica\u00e7\u00e3o, como seu nome, endere\u00e7o, e\/ou e-mail, para que possamos entrar em contato com voc\u00ea, caso seja o vencedor. Verifique no regulamento da respectiva promo\u00e7\u00e3o comercial as disposi\u00e7\u00f5es sobre o uso e coleta dos seus dados pessoais.<\/strong><\/li>\n<\/ol>\n<p>Pedimos, tamb\u00e9m, que revise as regras da promo\u00e7\u00e3o com muito cuidado. Elas podem conter informa\u00e7\u00f5es importantes sobre como n\u00f3s e nossos patrocinadores utilizam as suas informa\u00e7\u00f5es pessoais de identifica\u00e7\u00e3o. Para evitar conflitos entre as regras de uma promo\u00e7\u00e3o e esta pol\u00edtica de privacidade, as regras aplicadas a um concurso ou promo\u00e7\u00e3o em particular sempre prevalecem.<\/p>\n<p>&nbsp;<\/p>\n<p><strong>3.&#8221;Cookies&#8221;<\/strong><\/p>\n<p><strong>Para fazer com que o nosso\u00a0<em>site<\/em>\u00a0atenda melhor \u00e0s suas necessidades, voc\u00ea desde j\u00e1 concorda e tem ci\u00eancia de que n\u00f3s utilizamos um recurso padr\u00e3o encontrado em seu navegador de Internet, chamado &#8220;<em>cookie<\/em>&#8220;, para individualizar a navega\u00e7\u00e3o de cada usu\u00e1rio<\/strong>. Por conta disso, um n\u00famero de identifica\u00e7\u00e3o an\u00f4nimo e aleat\u00f3rio fica registrado em seu computador.<\/p>\n<p>Os &#8220;<em>cookies<\/em>&#8221; n\u00e3o identificam o usu\u00e1rio. Identificam apenas o computador usado para acessar os nossos sites. Os &#8220;cookies&#8221; n\u00e3o podem ler os dados de seu disco r\u00edgido. N\u00f3s n\u00e3o ligamos as informa\u00e7\u00f5es dos &#8220;cookies&#8221; com as informa\u00e7\u00f5es pessoais de identifica\u00e7\u00e3o dos usu\u00e1rios.\u00a0<strong>Utilizamos &#8220;cookies&#8221; para relembrar informa\u00e7\u00f5es pessoais quando voc\u00ea utiliza o\u00a0<em>site<\/em>, para acompanhar o andamento de promo\u00e7\u00f5es e concursos, bem como para facilitar e agilizar o preenchimento de formul\u00e1rios.\u00a0<\/strong>A nossa meta nestes casos \u00e9 fazer com que a sua experi\u00eancia com a PUBBLIS BRASIL seja mais conveniente e pessoal.<\/p>\n<p>Os &#8220;cookies&#8221; tamb\u00e9m s\u00e3o utilizados para controlar o n\u00famero de vezes que voc\u00ea visualiza um determinado an\u00fancio, acessa an\u00fancios relacionados aos seus interesses e mede a efetividade de campanhas publicit\u00e1rias.<\/p>\n<p><strong>Para navegar sem a utiliza\u00e7\u00e3o de &#8220;<em>cookies<\/em>&#8221; voc\u00ea pode configurar o seu browser para rejeitar todos os &#8220;<em>cookies<\/em>&#8220;, ou voc\u00ea pode configurar o seu computador para lhe informar quando um &#8220;<em>cookie<\/em>&#8221; \u00e9 baixado.<\/strong><\/p>\n<p>&nbsp;<\/p>\n<ol start=\"4\">\n<li><strong> Empresas Parceiras e Marketing<\/strong><\/li>\n<\/ol>\n<p><strong>A PUBBLIS BRASIL pode enviar e-mails para o seu endere\u00e7o eletr\u00f4nico, ou, realizar contatos telef\u00f4nicos referentes a ofertas e\/ou informa\u00e7\u00f5es sobre produtos e servi\u00e7os da PUBBLIS BRASIL e de empresas parceiras, sendo certo que no momento de seu cadastro, voc\u00ea dever\u00e1 consentir expressamente se tem interesse em receber tais e-mails e\/ou receber ofertas. Em nenhum momento os seus dados ser\u00e3o divulgados a empresas terceiras, ressalvadas as empresas que fornecem servi\u00e7os para a PUBBLIS BRASIL. O usu\u00e1rio que n\u00e3o tiver mais interesse em receber tais correspond\u00eancias e contatos telef\u00f4nicos poder\u00e1, a qualquer momento, informar a PUBBLIS BRASIL e solicitar o cancelamento do envio\/contato.<\/strong><\/p>\n<p><strong>A PUBBLIS BRASIL n\u00e3o envia e-mail solicitando que voc\u00ea encaminhe dados cadastrais.<\/strong><\/p>\n<p><strong>A PUBBLIS BRASIL n\u00e3o aluga, n\u00e3o vende e n\u00e3o compartilha as informa\u00e7\u00f5es pessoais com outras pessoas ou com empresas n\u00e3o afiliadas, exceto com objetivo de fornecer a voc\u00ea os produtos e servi\u00e7os solicitados, tendo obtido para tanto a sua permiss\u00e3o expressa<\/strong>. Neste caso, fornecemos as informa\u00e7\u00f5es a empresas parceiras e\/ou s fornecedores de servi\u00e7os da PUBBLIS BRASIL, nos quais confiamos e que trabalham com a PUBBLIS BRASIL ou em nome da PUBBLIS BRASIL vinculados a acordos de confidencialidade. Estas empresas poder\u00e3o usar seus dados pessoais com o objetivo de auxiliar a PUBBLIS BRASIL na comunica\u00e7\u00e3o estabelecida com voc\u00ea sobre ofertas da pr\u00f3pria PUBBLIS BRASIL e de parceiros mercadol\u00f3gicos. Tais empresas, por sua vez, n\u00e3o t\u00eam direito de compartilhar referidas informa\u00e7\u00f5es.<\/p>\n<p>&nbsp;<\/p>\n<ol start=\"5\">\n<li><strong> Seguran\u00e7a da Informa\u00e7\u00e3o<\/strong><br \/>A PUBBLIS BRASIL procura assegurar as informa\u00e7\u00f5es pessoais de identifica\u00e7\u00e3o que voc\u00ea fornece, armazenando internamente essas informa\u00e7\u00f5es. Por mais que o nosso sistema seja seguro, nenhum sistema de seguran\u00e7a \u00e9 completamente impenetr\u00e1vel. Sendo assim, n\u00e3o temos como garantir seguran\u00e7a absoluta de nosso banco de dados e nem podemos garantir que as informa\u00e7\u00f5es pessoais de identifica\u00e7\u00e3o que voc\u00ea forneceu n\u00e3o possam ser interceptadas quando a transmiss\u00e3o \u00e9 feita pela Internet.<\/li>\n<\/ol>\n<p>Recomendamos, assim, que voc\u00ea n\u00e3o revele sua senha de acesso a terceiros. Voc\u00ea poder\u00e1 nos ajudar a cuidar de sua seguran\u00e7a on-line utilizando senhas complexas. Altere sua senha imediatamente se, por qualquer motivo, tiver a fornecido para terceiros.<br \/>Caso receba e-mails enviados por desconhecidos utilizando a titularidade da PUBBLIS BRASIL que solicitem senhas, dados pessoais, arquivos anexados, etc., n\u00e3o os abra.<\/p>\n<p>&nbsp;<\/p>\n<ol start=\"6\">\n<li><strong> Mudan\u00e7as em nossa pol\u00edtica de privacidade e seguran\u00e7a<\/strong><\/li>\n<\/ol>\n<p>A PUBBLIS BRASIL se reserva o direito de modificar essa pol\u00edtica a qualquer tempo. A PUBBLIS BRASIL leva em considera\u00e7\u00e3o a privacidade e pretende estar sempre \u00e0 frente nos assuntos de pol\u00edtica de privacidade e prote\u00e7\u00e3o, em conson\u00e2ncia com a legisla\u00e7\u00e3o brasileira em vigor.<\/p>\n<p>De tempos em tempos a PUBBLIS BRASIL atualizar\u00e1 sua pol\u00edtica de privacidade divulgada nesta p\u00e1gina, em conson\u00e2ncia com a lei vigente. Voc\u00ea dever\u00e1 revisitar esta p\u00e1gina para conferir quaisquer atualiza\u00e7\u00f5es ou altera\u00e7\u00f5es.<\/p>\n<p>&nbsp;<\/p>\n<ol start=\"7\">\n<li><strong> Direitos Autorais e Propriedade Intelectual<\/strong><\/li>\n<\/ol>\n<p>Todos os textos, imagens, sons e aplicativos exibidos neste site s\u00e3o protegidos por direitos autorais, n\u00e3o sendo permitido modific\u00e1-los, reproduzi-los, armazen\u00e1-los, transmiti-los, copi\u00e1-los, distribu\u00ed-los por qualquer que seja a forma, para fins comerciais, sem o pr\u00e9vio e formal consentimento da Empresa.<\/p>\n<p>&nbsp;<\/p>\n<ol start=\"8\">\n<li><strong> Quest\u00f5es<\/strong><\/li>\n<\/ol>\n<p>Se voc\u00ea tiver questionamentos ou d\u00favidas em rela\u00e7\u00e3o ao Termo de Uso e Pol\u00edtica de Privacidade da PUBBLIS BRASIL ou ao processamento de dados realizado pela PUBBLIS BRASIL, por favor, entre em contato conosco atrav\u00e9s do email contato@pubblisbrasil.com.br<\/p>\n<p>&nbsp;<\/p>\n","protected":false},"excerpt":{"rendered":"<p>Quem somos O endere\u00e7o do nosso site \u00e9: http:\/\/pubblisbrasil.com.br POL\u00cdTICA DE PRIVACIDADE A sua privacidade \u00e9 importante para n\u00f3s. Dessa&#8230;<\/p>\n","protected":false},"author":1,"featured_media":0,"parent":0,"menu_order":0,"comment_status":"closed","ping_status":"open","template":"","meta":{"footnotes":""},"class_list":["post-15","page","type-page","status-publish"],"_links":{"self":[{"href":"https:\/\/pubblisbrasil.com.br\/index.php\/wp-json\/wp\/v2\/pages\/15","targetHints":{"allow":["GET"]}}],"collection":[{"href":"https:\/\/pubblisbrasil.com.br\/index.php\/wp-json\/wp\/v2\/pages"}],"about":[{"href":"https:\/\/pubblisbrasil.com.br\/index.php\/wp-json\/wp\/v2\/types\/page"}],"author":[{"embeddable":true,"href":"https:\/\/pubblisbrasil.com.br\/index.php\/wp-json\/wp\/v2\/users\/1"}],"replies":[{"embeddable":true,"href":"https:\/\/pubblisbrasil.com.br\/index.php\/wp-json\/wp\/v2\/comments?post=15"}],"version-history":[{"count":0,"href":"https:\/\/pubblisbrasil.com.br\/index.php\/wp-json\/wp\/v2\/pages\/15\/revisions"}],"wp:attachment":[{"href":"https:\/\/pubblisbrasil.com.br\/index.php\/wp-json\/wp\/v2\/media?parent=15"}],"curies":[{"name":"wp","href":"https:\/\/api.w.org\/{rel}","templated":true}]}}